{"id":1283,"date":"2023-08-04T16:29:49","date_gmt":"2023-08-04T15:29:49","guid":{"rendered":"https:\/\/maison-partage-youville.com\/?page_id=1283"},"modified":"2023-08-04T19:28:34","modified_gmt":"2023-08-04T18:28:34","slug":"donation","status":"publish","type":"page","link":"https:\/\/maison-partage-youville.com\/en\/donation\/","title":{"rendered":"Donate"},"content":{"rendered":"<style>.kb-row-layout-id_14076b-e0 > .kt-row-column-wrap{align-content:start;}:where(.kb-row-layout-id_14076b-e0 > .kt-row-column-wrap) > .wp-block-kadence-column{justify-content:start;}.kb-row-layout-id_14076b-e0 > .kt-row-column-wrap{column-gap:var(--global-kb-gap-none, 0rem );row-gap:var(--global-kb-gap-none, 0rem );max-width:1140px;margin-left:auto;margin-right:auto;padding-top:100px;padding-right:0px;padding-bottom:100px;padding-left:0px;grid-template-columns:repeat(2, minmax(0, 1fr));}.kb-row-layout-id_14076b-e0 > .kt-row-layout-overlay{opacity:0.04;background-image:url('http:\/\/maison-partage-youville-com.preview-domain.com\/wp-content\/uploads\/2021\/07\/bg.png');background-size:contain;background-position:center center;background-attachment:scroll;background-repeat:repeat;}@media all and (max-width: 1024px){.kb-row-layout-id_14076b-e0 > .kt-row-column-wrap{max-width:700px;margin-left:auto;margin-right:auto;padding-top:80px;padding-right:0px;padding-bottom:50px;padding-left:0px;grid-template-columns:minmax(0, 1fr);}}@media all and (max-width: 767px){.kb-row-layout-id_14076b-e0 > .kt-row-column-wrap{padding-top:60px;padding-right:15px;padding-bottom:60px;padding-left:15px;grid-template-columns:minmax(0, 1fr);}}.kb-row-layout-id_14076b-e0 .change {position: absolute;width: 457px;left: -168px;top: -49px;}@media screen and (max-width: 1024px) {  .kb-row-layout-id_14076b-e0  .change {left: -50px;top: -49px;}}<\/style><div class=\"kb-row-layout-wrap kb-row-layout-id_14076b-e0 alignnone has-theme-palette8-background-color kt-row-has-bg wp-block-kadence-rowlayout\"><div class=\"kt-row-layout-overlay kt-row-overlay-normal\"><\/div><div class=\"kt-row-column-wrap kt-has-2-columns kt-row-layout-equal kt-tab-layout-row kt-mobile-layout-row kt-row-valign-top\">\n<style>.kadence-column_a6319c-c7, .kt-inside-inner-col > .kadence-column_a6319c-c7:not(.specificity){margin-top:0px;margin-right:200px;margin-bottom:0px;margin-left:0px;}.kadence-column_a6319c-c7 > .kt-inside-inner-col{padding-top:10px;padding-right:10px;padding-bottom:10px;padding-left:10px;}.kadence-column_a6319c-c7 > .kt-inside-inner-col,.kadence-column_a6319c-c7 > .kt-inside-inner-col:before{border-top-left-radius:0px;border-top-right-radius:0px;border-bottom-right-radius:0px;border-bottom-left-radius:0px;}.kadence-column_a6319c-c7 > .kt-inside-inner-col{column-gap:var(--global-kb-gap-sm, 1rem);}.kadence-column_a6319c-c7 > .kt-inside-inner-col{flex-direction:column;}.kadence-column_a6319c-c7 > .kt-inside-inner-col > .aligncenter{width:100%;}.kadence-column_a6319c-c7 > .kt-inside-inner-col:before{opacity:0.3;}.kadence-column_a6319c-c7{position:relative;}@media all and (max-width: 1024px){.kadence-column_a6319c-c7, .kt-inside-inner-col > .kadence-column_a6319c-c7:not(.specificity){margin-top:0px;margin-right:0px;margin-bottom:0px;margin-left:0px;}}@media all and (max-width: 1024px){.kadence-column_a6319c-c7 > .kt-inside-inner-col{flex-direction:column;}}@media all and (max-width: 767px){.kadence-column_a6319c-c7, .kt-inside-inner-col > .kadence-column_a6319c-c7:not(.specificity){margin-top:0px;margin-right:0px;margin-bottom:40px;margin-left:0px;}.kadence-column_a6319c-c7 > .kt-inside-inner-col{flex-direction:column;}}<\/style>\n<div class=\"wp-block-kadence-column kadence-column_a6319c-c7 inner-column-1\"><div class=\"kt-inside-inner-col\"><style>.wp-block-kadence-advancedheading.kt-adv-heading_7e98cf-82, .wp-block-kadence-advancedheading.kt-adv-heading_7e98cf-82[data-kb-block=\"kb-adv-heading_7e98cf-82\"]{margin-top:0px;margin-right:0px;margin-bottom:27.5px;margin-left:0px;line-height:1em;font-style:normal;}.wp-block-kadence-advancedheading.kt-adv-heading_7e98cf-82 mark, .wp-block-kadence-advancedheading.kt-adv-heading_7e98cf-82[data-kb-block=\"kb-adv-heading_7e98cf-82\"] mark{font-style:normal;color:#f76a0c;padding-top:0px;padding-right:0px;padding-bottom:0px;padding-left:0px;}@media all and (max-width: 1024px){.wp-block-kadence-advancedheading.kt-adv-heading_7e98cf-82, .wp-block-kadence-advancedheading.kt-adv-heading_7e98cf-82[data-kb-block=\"kb-adv-heading_7e98cf-82\"]{text-align:center!important;}}<\/style>\n<h6 class=\"kt-adv-heading_7e98cf-82 wp-block-kadence-advancedheading\" data-kb-block=\"kb-adv-heading_7e98cf-82\">Donation<\/h6>\n\n\n<style>.wp-block-kadence-advancedheading.kt-adv-heading_2d185e-c2, .wp-block-kadence-advancedheading.kt-adv-heading_2d185e-c2[data-kb-block=\"kb-adv-heading_2d185e-c2\"]{margin-top:-5px;margin-right:0px;margin-bottom:28.5px;margin-left:0px;line-height:50px;font-style:normal;}.wp-block-kadence-advancedheading.kt-adv-heading_2d185e-c2 mark, .wp-block-kadence-advancedheading.kt-adv-heading_2d185e-c2[data-kb-block=\"kb-adv-heading_2d185e-c2\"] mark{font-style:normal;color:#f76a0c;padding-top:0px;padding-right:0px;padding-bottom:0px;padding-left:0px;}@media all and (max-width: 1024px){.wp-block-kadence-advancedheading.kt-adv-heading_2d185e-c2, .wp-block-kadence-advancedheading.kt-adv-heading_2d185e-c2[data-kb-block=\"kb-adv-heading_2d185e-c2\"]{text-align:center!important;}}<\/style>\n<h2 class=\"kt-adv-heading_2d185e-c2 wp-block-kadence-advancedheading\" data-kb-block=\"kb-adv-heading_2d185e-c2\"><strong>Your support enables us to act!<\/strong><\/h2>\n\n\n\n<p>Today, more than ever, our organization needs your help to reach the most vulnerable. Your donation today can provide food and help create socio-educational projects.<\/p>\n\n\n\n<p>To live up to your trust, we use a specialized platform for NPO donations that ensures the security of donor and organization data.<\/p>\n\n\n\n<p>A tax receipt is automatically sent to each donor once the donation has been made.<\/p>\n\n\n<style>.wp-block-kadence-advancedbtn.kt-btns_a64e26-09, .site .entry-content .wp-block-kadence-advancedbtn.kt-btns_a64e26-09, .wp-block-kadence-advancedbtn.kb-btns_a64e26-09, .site .entry-content .wp-block-kadence-advancedbtn.kb-btns_a64e26-09{margin-bottom:-5px;}.wp-block-kadence-advancedbtn.kb-btns_a64e26-09{gap:var(--global-kb-gap-xs, 0.5rem );justify-content:flex-start;align-items:center;}.kt-btns_a64e26-09 .kt-button{font-weight:normal;font-style:normal;}@media all and (max-width: 1024px){.wp-block-kadence-advancedbtn.kb-btns_a64e26-09{justify-content:center;}}<\/style>\n<div class=\"wp-block-kadence-advancedbtn kb-buttons-wrap kb-btns_a64e26-09\"><style>ul.menu .wp-block-kadence-advancedbtn .kb-btn_d204aa-49.kb-button{width:initial;}.wp-block-kadence-advancedbtn .kb-btn_d204aa-49.kb-button{padding-top:14px;padding-bottom:14px;}@media all and (max-width: 1024px){.kb-btn_d204aa-49.kb-button .kb-svg-icon-wrap{display:block;}}<\/style><span class=\"kb-button kt-button button kb-btn_d204aa-49 kt-btn-size-standard kt-btn-width-type-auto kb-btn-global-inherit kt-btn-has-text-true kt-btn-has-svg-false wp-block-button__link wp-block-kadence-singlebtn\"><span class=\"kt-btn-inner-text\">Donate Now<\/span><\/span><\/div>\n<\/div><\/div>\n\n\n<style>.kadence-column_80a442-5f > .kt-inside-inner-col{padding-top:10px;padding-right:10px;padding-bottom:10px;padding-left:10px;}.kadence-column_80a442-5f > .kt-inside-inner-col,.kadence-column_80a442-5f > .kt-inside-inner-col:before{border-top-left-radius:0px;border-top-right-radius:0px;border-bottom-right-radius:0px;border-bottom-left-radius:0px;}.kadence-column_80a442-5f > .kt-inside-inner-col{column-gap:var(--global-kb-gap-sm, 1rem);}.kadence-column_80a442-5f > .kt-inside-inner-col{flex-direction:column;}.kadence-column_80a442-5f > .kt-inside-inner-col > .aligncenter{width:100%;}.kadence-column_80a442-5f > .kt-inside-inner-col:before{opacity:0.3;}.kadence-column_80a442-5f{position:relative;}@media all and (max-width: 1024px){.kadence-column_80a442-5f, .kt-inside-inner-col > .kadence-column_80a442-5f:not(.specificity){margin-top:50px;margin-right:0px;margin-bottom:0px;margin-left:0px;}}@media all and (max-width: 1024px){.kadence-column_80a442-5f > .kt-inside-inner-col{flex-direction:column;}}@media all and (max-width: 767px){.kadence-column_80a442-5f, .kt-inside-inner-col > .kadence-column_80a442-5f:not(.specificity){margin-top:0px;margin-right:0px;margin-bottom:0px;margin-left:0px;}.kadence-column_80a442-5f > .kt-inside-inner-col{padding-top:0px;padding-right:0px;padding-bottom:0px;padding-left:0px;flex-direction:column;}}<\/style>\n<div class=\"wp-block-kadence-column kadence-column_80a442-5f inner-column-2\"><div class=\"kt-inside-inner-col\"><style>.kb-row-layout-wrap.wp-block-kadence-rowlayout.kb-row-layout-id_791630-87{margin-top:10px;margin-bottom:0px;}.kb-row-layout-id_791630-87 > .kt-row-column-wrap{align-content:start;}:where(.kb-row-layout-id_791630-87 > .kt-row-column-wrap) > .wp-block-kadence-column{justify-content:start;}.kb-row-layout-id_791630-87 > .kt-row-column-wrap{column-gap:var(--global-kb-gap-none, 0rem );row-gap:var(--global-kb-gap-none, 0rem );max-width:1140px;margin-left:auto;margin-right:auto;padding-top:0px;padding-right:0px;padding-bottom:0px;padding-left:0px;grid-template-columns:minmax(0, calc(40.3% - ((var(--global-kb-gap-none, 0rem ) * 1 )\/2))) minmax(0, calc(59.7% - ((var(--global-kb-gap-none, 0rem ) * 1 )\/2)));}.kb-row-layout-id_791630-87 > .kt-row-layout-overlay{opacity:0.30;}@media all and (max-width: 1024px){.kb-row-layout-id_791630-87 > .kt-row-column-wrap{grid-template-columns:repeat(2, minmax(0, 1fr));}}@media all and (max-width: 767px){.kb-row-layout-id_791630-87 > .kt-row-column-wrap{grid-template-columns:minmax(0, 1fr);}}<\/style><div class=\"kb-row-layout-wrap kb-row-layout-id_791630-87 alignnone wp-block-kadence-rowlayout\"><div class=\"kt-row-column-wrap kt-has-2-columns kt-row-layout-equal kt-tab-layout-inherit kt-mobile-layout-row kt-row-valign-top\">\n<style>.kadence-column_47eac5-fd > .kt-inside-inner-col{padding-top:0px;padding-right:0px;padding-bottom:0px;padding-left:0px;}.kadence-column_47eac5-fd > .kt-inside-inner-col,.kadence-column_47eac5-fd > .kt-inside-inner-col:before{border-top-left-radius:0px;border-top-right-radius:0px;border-bottom-right-radius:0px;border-bottom-left-radius:0px;}.kadence-column_47eac5-fd > .kt-inside-inner-col{column-gap:var(--global-kb-gap-sm, 1rem);}.kadence-column_47eac5-fd > .kt-inside-inner-col{flex-direction:column;}.kadence-column_47eac5-fd > .kt-inside-inner-col > .aligncenter{width:100%;}.kadence-column_47eac5-fd > .kt-inside-inner-col:before{opacity:0.3;}.kadence-column_47eac5-fd{position:relative;}@media all and (max-width: 1024px){.kadence-column_47eac5-fd > .kt-inside-inner-col{flex-direction:column;}}@media all and (max-width: 767px){.kadence-column_47eac5-fd > .kt-inside-inner-col{flex-direction:column;}}.kadence-column_47eac5-fd {position: relative;}<\/style>\n<div class=\"wp-block-kadence-column kadence-column_47eac5-fd kvs-sm-false inner-column-1\"><div class=\"kt-inside-inner-col\">\n<figure class=\"wp-block-image size-large is-style-rounded change\"><img fetchpriority=\"high\" decoding=\"async\" width=\"1024\" height=\"1024\" src=\"http:\/\/maison-partage-youville.com\/wp-content\/uploads\/2023\/08\/Donations-1024x1024.png\" alt=\"\" class=\"wp-image-1278\" srcset=\"https:\/\/maison-partage-youville.com\/wp-content\/uploads\/2023\/08\/Donations-1024x1024.png 1024w, https:\/\/maison-partage-youville.com\/wp-content\/uploads\/2023\/08\/Donations-300x300.png 300w, https:\/\/maison-partage-youville.com\/wp-content\/uploads\/2023\/08\/Donations-150x150.png 150w, https:\/\/maison-partage-youville.com\/wp-content\/uploads\/2023\/08\/Donations-768x768.png 768w, https:\/\/maison-partage-youville.com\/wp-content\/uploads\/2023\/08\/Donations-1536x1536.png 1536w, https:\/\/maison-partage-youville.com\/wp-content\/uploads\/2023\/08\/Donations-2048x2048.png 2048w\" sizes=\"(max-width: 1024px) 100vw, 1024px\" \/><\/figure>\n<\/div><\/div>\n\n\n<style>.kadence-column_9bfabf-32, .kt-inside-inner-col > .kadence-column_9bfabf-32:not(.specificity){margin-top:0px;margin-right:0px;margin-bottom:0px;margin-left:0px;}.kadence-column_9bfabf-32 > .kt-inside-inner-col{padding-top:50px;padding-right:50px;padding-bottom:50px;padding-left:50px;}.kadence-column_9bfabf-32 > .kt-inside-inner-col{box-shadow:10px 20px 49px 0px rgba(0, 0, 0, 0.06);}.kadence-column_9bfabf-32 > .kt-inside-inner-col,.kadence-column_9bfabf-32 > .kt-inside-inner-col:before{border-top-left-radius:6px;border-top-right-radius:6px;border-bottom-right-radius:6px;border-bottom-left-radius:6px;}.kadence-column_9bfabf-32 > .kt-inside-inner-col{column-gap:var(--global-kb-gap-sm, 1rem);}.kadence-column_9bfabf-32 > .kt-inside-inner-col{flex-direction:column;}.kadence-column_9bfabf-32 > .kt-inside-inner-col > .aligncenter{width:100%;}.kadence-column_9bfabf-32 > .kt-inside-inner-col{background-color:var(--global-palette9, #ffffff);}.kadence-column_9bfabf-32 > .kt-inside-inner-col:before{opacity:0.3;}.kadence-column_9bfabf-32{position:relative;}@media all and (max-width: 1024px){.kadence-column_9bfabf-32 > .kt-inside-inner-col{flex-direction:column;}}@media all and (max-width: 767px){.kadence-column_9bfabf-32 > .kt-inside-inner-col{flex-direction:column;}}<\/style>\n<div class=\"wp-block-kadence-column kadence-column_9bfabf-32\"><div class=\"kt-inside-inner-col\">\n<p style=\"font-size:20px\"><strong>Gr\u00e2ce \u00e0 votre don, vous contribuez \u00e0 soutenir les personnes d\u00e9munies.<\/strong><\/p>\n<\/div><\/div>\n\n<\/div><\/div><\/div><\/div>\n\n<\/div><\/div>","protected":false},"excerpt":{"rendered":"<p>Contribution Votre soutien nous permet d&rsquo;agir ! Aujourd\u2019hui, plus que jamais, notre organisme a besoin de votre aide aux personnes les plus vuln\u00e9rables. Votre don effectu\u00e9 aujourd\u2019hui peut fournir de la nourriture et aider \u00e0 la cr\u00e9ation de projets socio\u00e9ducatifs. Pour \u00eatre \u00e0 la hauteur de votre confiance, nous passons par une plateforme sp\u00e9cialis\u00e9e dans&#8230;<\/p>","protected":false},"author":1,"featured_media":0,"parent":0,"menu_order":0,"comment_status":"closed","ping_status":"closed","template":"","meta":{"_eb_attr":"","_kadence_starter_templates_imported_post":false,"_kad_post_transparent":"","_kad_post_title":"","_kad_post_layout":"","_kad_post_sidebar_id":"","_kad_post_content_style":"","_kad_post_vertical_padding":"","_kad_post_feature":"","_kad_post_feature_position":"","_kad_post_header":false,"_kad_post_footer":false,"footnotes":""},"class_list":["post-1283","page","type-page","status-publish","hentry"],"yoast_head":"<!-- This site is optimized with the Yoast SEO plugin v22.3 - https:\/\/yoast.com\/wordpress\/plugins\/seo\/ -->\n<title>Donate - Maison du Partage d&#039;Youville<\/title>\n<meta name=\"robots\" content=\"index, follow, max-snippet:-1, max-image-preview:large, max-video-preview:-1\" \/>\n<link rel=\"canonical\" href=\"https:\/\/maison-partage-youville.com\/en\/donation\/\" \/>\n<meta property=\"og:locale\" content=\"en_GB\" \/>\n<meta property=\"og:type\" content=\"article\" \/>\n<meta property=\"og:title\" content=\"Donate - Maison du Partage d&#039;Youville\" \/>\n<meta property=\"og:description\" content=\"Contribution Votre soutien nous permet d&rsquo;agir ! Aujourd\u2019hui, plus que jamais, notre organisme a besoin de votre aide aux personnes les plus vuln\u00e9rables. Votre don effectu\u00e9 aujourd\u2019hui peut fournir de la nourriture et aider \u00e0 la cr\u00e9ation de projets socio\u00e9ducatifs. Pour \u00eatre \u00e0 la hauteur de votre confiance, nous passons par une plateforme sp\u00e9cialis\u00e9e dans...\" \/>\n<meta property=\"og:url\" content=\"https:\/\/maison-partage-youville.com\/en\/donation\/\" \/>\n<meta property=\"og:site_name\" content=\"Maison du Partage d&#039;Youville\" \/>\n<meta property=\"article:modified_time\" content=\"2023-08-04T18:28:34+00:00\" \/>\n<meta property=\"og:image\" content=\"http:\/\/maison-partage-youville.com\/wp-content\/uploads\/2023\/08\/Donations-1024x1024.png\" \/>\n<meta name=\"twitter:card\" content=\"summary_large_image\" \/>\n<meta name=\"twitter:label1\" content=\"Estimated reading time\" \/>\n\t<meta name=\"twitter:data1\" content=\"1 minute\" \/>\n<script type=\"application\/ld+json\" class=\"yoast-schema-graph\">{\"@context\":\"https:\/\/schema.org\",\"@graph\":[{\"@type\":\"WebPage\",\"@id\":\"https:\/\/maison-partage-youville.com\/donation\/\",\"url\":\"https:\/\/maison-partage-youville.com\/donation\/\",\"name\":\"Donate - Maison du Partage d&#039;Youville\",\"isPartOf\":{\"@id\":\"https:\/\/maison-partage-youville.com\/#website\"},\"primaryImageOfPage\":{\"@id\":\"https:\/\/maison-partage-youville.com\/donation\/#primaryimage\"},\"image\":{\"@id\":\"https:\/\/maison-partage-youville.com\/donation\/#primaryimage\"},\"thumbnailUrl\":\"http:\/\/maison-partage-youville.com\/wp-content\/uploads\/2023\/08\/Donations-1024x1024.png\",\"datePublished\":\"2023-08-04T15:29:49+00:00\",\"dateModified\":\"2023-08-04T18:28:34+00:00\",\"breadcrumb\":{\"@id\":\"https:\/\/maison-partage-youville.com\/donation\/#breadcrumb\"},\"inLanguage\":\"en-GB\",\"potentialAction\":[{\"@type\":\"ReadAction\",\"target\":[\"https:\/\/maison-partage-youville.com\/donation\/\"]}]},{\"@type\":\"ImageObject\",\"inLanguage\":\"en-GB\",\"@id\":\"https:\/\/maison-partage-youville.com\/donation\/#primaryimage\",\"url\":\"https:\/\/maison-partage-youville.com\/wp-content\/uploads\/2023\/08\/Donations.png\",\"contentUrl\":\"https:\/\/maison-partage-youville.com\/wp-content\/uploads\/2023\/08\/Donations.png\",\"width\":2403,\"height\":2403},{\"@type\":\"BreadcrumbList\",\"@id\":\"https:\/\/maison-partage-youville.com\/donation\/#breadcrumb\",\"itemListElement\":[{\"@type\":\"ListItem\",\"position\":1,\"name\":\"Home\",\"item\":\"https:\/\/maison-partage-youville.com\/\"},{\"@type\":\"ListItem\",\"position\":2,\"name\":\"Donate\"}]},{\"@type\":\"WebSite\",\"@id\":\"https:\/\/maison-partage-youville.com\/#website\",\"url\":\"https:\/\/maison-partage-youville.com\/\",\"name\":\"Maison du Partage d&#039;Youville\",\"description\":\"Maison du Partage d&#039;Youville\",\"publisher\":{\"@id\":\"https:\/\/maison-partage-youville.com\/#organization\"},\"potentialAction\":[{\"@type\":\"SearchAction\",\"target\":{\"@type\":\"EntryPoint\",\"urlTemplate\":\"https:\/\/maison-partage-youville.com\/?s={search_term_string}\"},\"query-input\":\"required name=search_term_string\"}],\"inLanguage\":\"en-GB\"},{\"@type\":\"Organization\",\"@id\":\"https:\/\/maison-partage-youville.com\/#organization\",\"name\":\"Maison du Partage d&#039;Youville\",\"url\":\"https:\/\/maison-partage-youville.com\/\",\"logo\":{\"@type\":\"ImageObject\",\"inLanguage\":\"en-GB\",\"@id\":\"https:\/\/maison-partage-youville.com\/#\/schema\/logo\/image\/\",\"url\":\"https:\/\/maison-partage-youville.com\/wp-content\/uploads\/2023\/08\/100-x-100-Logo-LMPY.png\",\"contentUrl\":\"https:\/\/maison-partage-youville.com\/wp-content\/uploads\/2023\/08\/100-x-100-Logo-LMPY.png\",\"width\":100,\"height\":100,\"caption\":\"Maison du Partage d&#039;Youville\"},\"image\":{\"@id\":\"https:\/\/maison-partage-youville.com\/#\/schema\/logo\/image\/\"}}]}<\/script>\n<!-- \/ Yoast SEO plugin. -->","yoast_head_json":{"title":"Donate - Maison du Partage d&#039;Youville","robots":{"index":"index","follow":"follow","max-snippet":"max-snippet:-1","max-image-preview":"max-image-preview:large","max-video-preview":"max-video-preview:-1"},"canonical":"https:\/\/maison-partage-youville.com\/en\/donation\/","og_locale":"en_GB","og_type":"article","og_title":"Donate - Maison du Partage d&#039;Youville","og_description":"Contribution Votre soutien nous permet d&rsquo;agir ! Aujourd\u2019hui, plus que jamais, notre organisme a besoin de votre aide aux personnes les plus vuln\u00e9rables. Votre don effectu\u00e9 aujourd\u2019hui peut fournir de la nourriture et aider \u00e0 la cr\u00e9ation de projets socio\u00e9ducatifs. Pour \u00eatre \u00e0 la hauteur de votre confiance, nous passons par une plateforme sp\u00e9cialis\u00e9e dans...","og_url":"https:\/\/maison-partage-youville.com\/en\/donation\/","og_site_name":"Maison du Partage d&#039;Youville","article_modified_time":"2023-08-04T18:28:34+00:00","og_image":[{"url":"http:\/\/maison-partage-youville.com\/wp-content\/uploads\/2023\/08\/Donations-1024x1024.png"}],"twitter_card":"summary_large_image","twitter_misc":{"Estimated reading time":"1 minute"},"schema":{"@context":"https:\/\/schema.org","@graph":[{"@type":"WebPage","@id":"https:\/\/maison-partage-youville.com\/donation\/","url":"https:\/\/maison-partage-youville.com\/donation\/","name":"Donate - Maison du Partage d&#039;Youville","isPartOf":{"@id":"https:\/\/maison-partage-youville.com\/#website"},"primaryImageOfPage":{"@id":"https:\/\/maison-partage-youville.com\/donation\/#primaryimage"},"image":{"@id":"https:\/\/maison-partage-youville.com\/donation\/#primaryimage"},"thumbnailUrl":"http:\/\/maison-partage-youville.com\/wp-content\/uploads\/2023\/08\/Donations-1024x1024.png","datePublished":"2023-08-04T15:29:49+00:00","dateModified":"2023-08-04T18:28:34+00:00","breadcrumb":{"@id":"https:\/\/maison-partage-youville.com\/donation\/#breadcrumb"},"inLanguage":"en-GB","potentialAction":[{"@type":"ReadAction","target":["https:\/\/maison-partage-youville.com\/donation\/"]}]},{"@type":"ImageObject","inLanguage":"en-GB","@id":"https:\/\/maison-partage-youville.com\/donation\/#primaryimage","url":"https:\/\/maison-partage-youville.com\/wp-content\/uploads\/2023\/08\/Donations.png","contentUrl":"https:\/\/maison-partage-youville.com\/wp-content\/uploads\/2023\/08\/Donations.png","width":2403,"height":2403},{"@type":"BreadcrumbList","@id":"https:\/\/maison-partage-youville.com\/donation\/#breadcrumb","itemListElement":[{"@type":"ListItem","position":1,"name":"Home","item":"https:\/\/maison-partage-youville.com\/"},{"@type":"ListItem","position":2,"name":"Donate"}]},{"@type":"WebSite","@id":"https:\/\/maison-partage-youville.com\/#website","url":"https:\/\/maison-partage-youville.com\/","name":"Maison du Partage d&#039;Youville","description":"Maison du Partage d&#039;Youville","publisher":{"@id":"https:\/\/maison-partage-youville.com\/#organization"},"potentialAction":[{"@type":"SearchAction","target":{"@type":"EntryPoint","urlTemplate":"https:\/\/maison-partage-youville.com\/?s={search_term_string}"},"query-input":"required name=search_term_string"}],"inLanguage":"en-GB"},{"@type":"Organization","@id":"https:\/\/maison-partage-youville.com\/#organization","name":"Maison du Partage d&#039;Youville","url":"https:\/\/maison-partage-youville.com\/","logo":{"@type":"ImageObject","inLanguage":"en-GB","@id":"https:\/\/maison-partage-youville.com\/#\/schema\/logo\/image\/","url":"https:\/\/maison-partage-youville.com\/wp-content\/uploads\/2023\/08\/100-x-100-Logo-LMPY.png","contentUrl":"https:\/\/maison-partage-youville.com\/wp-content\/uploads\/2023\/08\/100-x-100-Logo-LMPY.png","width":100,"height":100,"caption":"Maison du Partage d&#039;Youville"},"image":{"@id":"https:\/\/maison-partage-youville.com\/#\/schema\/logo\/image\/"}}]}},"_links":{"self":[{"href":"https:\/\/maison-partage-youville.com\/en\/wp-json\/wp\/v2\/pages\/1283","targetHints":{"allow":["GET"]}}],"collection":[{"href":"https:\/\/maison-partage-youville.com\/en\/wp-json\/wp\/v2\/pages"}],"about":[{"href":"https:\/\/maison-partage-youville.com\/en\/wp-json\/wp\/v2\/types\/page"}],"author":[{"embeddable":true,"href":"https:\/\/maison-partage-youville.com\/en\/wp-json\/wp\/v2\/users\/1"}],"replies":[{"embeddable":true,"href":"https:\/\/maison-partage-youville.com\/en\/wp-json\/wp\/v2\/comments?post=1283"}],"version-history":[{"count":22,"href":"https:\/\/maison-partage-youville.com\/en\/wp-json\/wp\/v2\/pages\/1283\/revisions"}],"predecessor-version":[{"id":1348,"href":"https:\/\/maison-partage-youville.com\/en\/wp-json\/wp\/v2\/pages\/1283\/revisions\/1348"}],"wp:attachment":[{"href":"https:\/\/maison-partage-youville.com\/en\/wp-json\/wp\/v2\/media?parent=1283"}],"curies":[{"name":"wp","href":"https:\/\/api.w.org\/{rel}","templated":true}]}}